{"id":554,"date":"2019-01-04T10:22:23","date_gmt":"2019-01-04T10:22:23","guid":{"rendered":"http:\/\/localhost:8080\/wordpress\/?page_id=554"},"modified":"2023-05-13T15:07:20","modified_gmt":"2023-05-13T13:07:20","slug":"privacy-policy","status":"publish","type":"page","link":"https:\/\/www.kleinetat.com\/en\/privacy-policy\/","title":{"rendered":"Privacy policy"},"content":{"rendered":"\t\t<div data-elementor-type=\"wp-page\" data-elementor-id=\"554\" class=\"elementor elementor-554\">\n\t\t\t\t\t\t<section class=\"elementor-section elementor-top-section elementor-element elementor-element-472d21f elementor-section-height-min-height elementor-section-boxed elementor-section-height-default elementor-section-items-middle\" data-id=\"472d21f\" data-element_type=\"section\" data-e-type=\"section\" data-settings=\"{&quot;background_background&quot;:&quot;classic&quot;}\">\n\t\t\t\t\t\t<div class=\"elementor-container elementor-column-gap-default\">\n\t\t\t\t\t<div class=\"elementor-column elementor-col-100 elementor-top-column elementor-element elementor-element-df45b0a\" data-id=\"df45b0a\" data-element_type=\"column\" data-e-type=\"column\">\n\t\t\t<div class=\"elementor-widget-wrap elementor-element-populated\">\n\t\t\t\t\t\t<div class=\"elementor-element elementor-element-97ab2b5 elementor-widget elementor-widget-heading\" data-id=\"97ab2b5\" data-element_type=\"widget\" data-e-type=\"widget\" data-widget_type=\"heading.default\">\n\t\t\t\t<div class=\"elementor-widget-container\">\n\t\t\t\t\t<h1 class=\"elementor-heading-title elementor-size-default\">Datenschutzerkl\u00e4rung<\/h1>\t\t\t\t<\/div>\n\t\t\t\t<\/div>\n\t\t\t\t\t<\/div>\n\t\t<\/div>\n\t\t\t\t\t<\/div>\n\t\t<\/section>\n\t\t\t\t<section class=\"elementor-section elementor-top-section elementor-element elementor-element-aa2395c elementor-section-boxed elementor-section-height-default elementor-section-height-default\" data-id=\"aa2395c\" data-element_type=\"section\" data-e-type=\"section\">\n\t\t\t\t\t\t<div class=\"elementor-container elementor-column-gap-default\">\n\t\t\t\t\t<div class=\"elementor-column elementor-col-100 elementor-top-column elementor-element elementor-element-10163ac\" data-id=\"10163ac\" data-element_type=\"column\" data-e-type=\"column\">\n\t\t\t<div class=\"elementor-widget-wrap elementor-element-populated\">\n\t\t\t\t\t\t<div class=\"elementor-element elementor-element-4f981aa elementor-widget elementor-widget-spacer\" data-id=\"4f981aa\" data-element_type=\"widget\" data-e-type=\"widget\" data-widget_type=\"spacer.default\">\n\t\t\t\t<div class=\"elementor-widget-container\">\n\t\t\t\t\t\t\t<div class=\"elementor-spacer\">\n\t\t\t<div class=\"elementor-spacer-inner\"><\/div>\n\t\t<\/div>\n\t\t\t\t\t\t<\/div>\n\t\t\t\t<\/div>\n\t\t\t\t<div class=\"elementor-element elementor-element-e74ba7a elementor-widget elementor-widget-heading\" data-id=\"e74ba7a\" data-element_type=\"widget\" data-e-type=\"widget\" data-widget_type=\"heading.default\">\n\t\t\t\t<div class=\"elementor-widget-container\">\n\t\t\t\t\t<h5 class=\"elementor-heading-title elementor-size-default\">Unsere Grunds\u00e4tze zum Datenschutz<\/h5>\t\t\t\t<\/div>\n\t\t\t\t<\/div>\n\t\t\t\t<div class=\"elementor-element elementor-element-4b399b5 elementor-widget elementor-widget-text-editor\" data-id=\"4b399b5\" data-element_type=\"widget\" data-e-type=\"widget\" data-widget_type=\"text-editor.default\">\n\t\t\t\t<div class=\"elementor-widget-container\">\n\t\t\t\t\t\t\t\t\t<p>Diese Prinzipien leiten uns bei der Verarbeitung deiner personenbezogenen Daten:\u00a0<br \/>1. Deine Daten geh\u00f6ren dir \u2013 nicht uns.\u00a0<br \/>2. Du hast die Kontrolle \u2013 nicht wir.\u00a0<br \/>3. Wir sind transparent \u2013 nicht du.\u00a0<br \/>4. Daten sind wertvoll \u2013 aber keine Ware.\u00a0<br \/>5. Datenmissbrauch ist illegal \u2013 nicht \u201eegal\u201c.\u00a0<\/p>\t\t\t\t\t\t\t\t<\/div>\n\t\t\t\t<\/div>\n\t\t\t\t<div class=\"elementor-element elementor-element-b38b30c elementor-widget elementor-widget-spacer\" data-id=\"b38b30c\" data-element_type=\"widget\" data-e-type=\"widget\" data-widget_type=\"spacer.default\">\n\t\t\t\t<div class=\"elementor-widget-container\">\n\t\t\t\t\t\t\t<div class=\"elementor-spacer\">\n\t\t\t<div class=\"elementor-spacer-inner\"><\/div>\n\t\t<\/div>\n\t\t\t\t\t\t<\/div>\n\t\t\t\t<\/div>\n\t\t\t\t<div class=\"elementor-element elementor-element-d10c2e4 elementor-widget elementor-widget-heading\" data-id=\"d10c2e4\" data-element_type=\"widget\" data-e-type=\"widget\" data-widget_type=\"heading.default\">\n\t\t\t\t<div class=\"elementor-widget-container\">\n\t\t\t\t\t<h5 class=\"elementor-heading-title elementor-size-default\">Information zur Erhebung, Speicherung und Verarbeitung personenbezogener Daten f\u00fcr Nutzer unserer Dienste, App, Tags und unseres Online-Shops in der EU. <\/h5>\t\t\t\t<\/div>\n\t\t\t\t<\/div>\n\t\t\t\t<div class=\"elementor-element elementor-element-70eda00 elementor-widget elementor-widget-text-editor\" data-id=\"70eda00\" data-element_type=\"widget\" data-e-type=\"widget\" data-widget_type=\"text-editor.default\">\n\t\t\t\t<div class=\"elementor-widget-container\">\n\t\t\t\t\t\t\t\t\t<p><span style=\"font-size: 16px;\"><strong>1. Wer ist f\u00fcr die Verarbeitung meiner personenbezogenen Daten verantwortlich?<\/strong><br><\/span>Der Verantwortliche im Sinne der EU-Datenschutzgrundverordnung (DSGVO) ist:<\/p>\n<p>Kleine Tat Services GmbH<br>Lindenallee 16<br>48163 M\u00fcnster<br>Tel. +49 (0) 2536 \u2013 34 62 042<br><a href=\"mailto:services@kleinetat.com\">services@kleinetat.com<\/a><br><a href=\"http:\/\/www.kleinetat.com\">www.kleinetat.com<\/a><\/p>\n<p><strong>2. An wen kann ich mich in Bezug auf den Schutz meiner personenbezogenen Daten wenden?<br><\/strong>So erreichst du unseren Datenschutzbeauftragten:<\/p>\n<p>Datenschutzbeauftragte(r)<br>Lindenallee 16<br>48163 M\u00fcnster<br><a href=\"mailto:datenschutz@kleinetat.com\">datenschutz@kleinetat.com<\/a><\/p>\n<p><strong>3. Welche meiner personenbezogenen Daten werden verarbeitet?<br><\/strong>In Abh\u00e4ngigkeit deiner Nutzung unserer App \u201e<i>Kleine Tat<\/i>\u201c und unserer Dienste der Plattform \u201e<i>Das-Andere-Internet-Der-Dinge<\/i>\u201c von &#8222;<i>Kleine Tat Tags<\/i>&#8220; sowie unseres Online-Shops verarbeiten wir folgende Arten von personenbezogenen Daten:<\/p>\n<p>I) <span style=\"text-decoration: underline;\">Daten f\u00fcr die bzw. aus der Nutzung unserer Dienste<\/span><br>a.) Zugangsdaten [Registrierung\/Anmeldung] (z.B. Benutzer:in-Name, Vollst\u00e4ndiger Name, E-Mail, Passwort, Foto, Registrierungs-, Log-in\/-out-Zeitpunkt) zu unseren Diensten.<br>b.) Transaktionsdaten [Marktplatz] (z.B. Transaktions-Partner:in, -Gegenstand, -Art, -Zeitraum, -Status,&nbsp;-Preis) von Vereinbarungen oder Gesch\u00e4ften, die du mittels unserer Dienste mit anderen Nutzer:innen anbahnst oder eingehst.<br>c.) Kommunikationsdaten [Messenger] (z.B. Kommunikations-Partner:in, -Inhalt\/Text, -Zeitstempel) von Mitteilungen, die du mittels unserer Dienste versendest bzw. von anderen Nutzer:innen empf\u00e4ngst.<br>d.) Daten von Gebrauchsgegenst\u00e4nden [Dingen]&nbsp;(z.B. Gegenstands-Name, -Beschreibung, -Foto, -Hersteller, -Herstellungsdatum, Standort\/Postleitzahl), welche du mittels unserer Dienste erfasst oder von anderen Nutzer:innen \u00fcbernimmst.<br>e.) Daten von virtuellen Lagern [Depots] (z.B. Lager-Name, -Beschreibung, -Mitgliedschaft, Ein-\/-Austrittsdatum, -Aktivit\u00e4t), die du betreibst, im Auftrag f\u00fcr andere verwaltest (als Manager:in) oder mit denen du \u00fcber Mitgliedschaften verbunden bist.<br>f.) Daten von Projekten [Labore] (z.B. Projekt-Ziel, -Problem, -L\u00f6sung, -Wirkung, -Ort, -Beschreibung, -Stand, -Beitr\u00e4ge [Blog]), welche du mittels unserer Dienste betreibst bzw. an denen du mitwirkst.<br>g.) Statistische Nutzungsdaten [Reports] (z.B. Transaktionsaktivit\u00e4t, Umwelt-Beitrag\/-Wirkung), die wir f\u00fcr dich individuell errechnen und anzeigen.<br>h.) Daten von Kleine Tat Tags [IoT-Codes] (z.B. Zuordnungs-Gegenstand, -Datum, -IoT-Code sowie Tag-Typ, -Eigent\u00fcmer:in, -Bestelldatum) die du an deine Dinge anbringst.<br>i.) Web-Daten [Log-Files], (z.B. IP-Adresse, Uhrzeit der Server-Anfrage, \u00fcbertragene Datenmenge), zur Sicherung\/Gefahrenabwehr unserer Dienste.<\/p>\n<p><span style=\"color: #000000; font-size: 17px; font-style: normal; caret-color: #000000;\">II)&nbsp;<\/span><span style=\"color: #000000; font-size: 17px; font-style: normal; caret-color: #000000; text-decoration-line: underline;\">Daten f\u00fcr rechtsverbindliche Vertr\u00e4ge mit uns (z.B. \u00fcber unseren Online-Shop)<br><\/span><span style=\"color: #000000; font-size: 17px; font-style: normal; caret-color: #000000;\">j.) Kontaktdaten (z.B. Name, Vorname, Adresse, E-Mail, Telefonnummer), zum Abschluss rechtsverbindlicher Vertr\u00e4ge mit uns bzw. f\u00fcr die Leistungserbringung durch uns wie den Warenversand.<br><\/span><span style=\"color: #000000; font-size: 17px; font-style: normal; caret-color: #000000;\">k.) Vertragsdaten [Shop] (z.B. Vertrags-Gegenstand, Anzahl, Preis, Lieferdatum) zu deinen K\u00e4ufen von Produkten und Dienstleistungen bei uns und Einr\u00e4umung von Nutzungsrechten [Lizenzen] durch uns.<br><\/span><span style=\"color: #000000; font-size: 17px; font-style: normal; caret-color: #000000;\">l.) Lizenzdaten (z.B. Lizenznummer, -Gegenstand, -Beginn, -Laufzeit) in Bezug auf Nutzungsrechte, die du bei uns beziehst (z.B. f\u00fcr IoT-Codes auf Kleine Tat Tags).<\/span><\/p>\n<p style=\"font-style: normal; font-weight: 400;\">III) <u style=\"\">Cookies<span style=\"background-color: rgb(255, 255, 255);\"><br><\/span><\/u><span style=\"font-style: normal; caret-color: rgb(0, 0, 0); background-color: rgb(255, 255, 255);\">m.) <\/span><span style=\"font-size: 16px; font-style: normal; background-color: rgb(255, 255, 3); color: rgb(0, 0, 0); caret-color: rgb(0, 0, 0);\">Wir verwenden&nbsp;<u>keine<\/u>&nbsp;<\/span><span style=\"font-size: 16px; font-style: normal; background-color: rgb(255, 255, 3); color: rgb(0, 0, 0); caret-color: rgb(0, 0, 0);\">Cookies. Ausnahme ist unsere Online-Shop, der ausschlie\u00dflich technisch notwendige Cookies verwendet, damit wir dessen Funktion sicherstellen k\u00f6nnen.<\/span><\/p>\n<p style=\"caret-color: #000000; color: #000000; font-style: normal;\"><strong>4. Auf welcher Rechtsgrundlage und zu welchen Zwecken werden meine Daten verarbeitet?<br><\/strong>Zu folgenden Zwecken und auf folgender Rechtsgrundlage verarbeiten wir Deine personenbezogenen Daten:<br>a.) Datenverarbeitung auf der Grundlage deiner Einwilligung nach Art. 6 Abs. 1. lit. a DSGVO.<br>b.) Zur Erf\u00fcllung eines zugrundeliegenden Vertrages zwischen dir und uns nach Art. 6 Abs. 1. lit. b DSGVO. Dies schlie\u00dft auch Verarbeitungsvorg\u00e4nge f\u00fcr vorvertragliche Ma\u00dfnahmen auf Deine Veranlassung hin ein.<br>c.) Zur Erf\u00fcllung rechtlicher Verpflichtungen, denen unser Unternehmen unterliegt (z. B. Steuerrecht, Handelsrecht) nach Art. 6 Abs. 1. lit. c DSGVO.<br>d.) Datenverarbeitung aus berechtigtem Interesse nach Art. 6 Abs. 1. lit. f DSGVO. Diese darf nur erfolgen, soweit dies zur Wahrung berechtigter Interessen von uns erforderlich ist und nicht deine Interessen oder Grundrechte und Grundfreiheiten, die den Schutz Deiner personenbezogenen Daten erfordern, ber\u00fchrt. Dies betrifft insbesondere die Analyse deiner personenbezogenen Daten f\u00fcr Ma\u00dfnahmen zur:<br>&#8211; Entwicklung neuer Dienste und Produkte,<br>&#8211; Verbesserung der Dienste- und Produkt-Qualit\u00e4t,<br>&#8211; Erstellung von Statistiken [Kennzahlen] zum Nachweis der Wirkung unserer Dienste bzw. Produkte.<br><span style=\"background-color: #ffff03;\">Die personenbezogenen Daten unserer Nutzer:innen werden f\u00fcr diese Analysen anonymisiert. Wir machen grunds\u00e4tzlich <u>keine<\/u> Direktwerbung.<\/span><\/p>\n<p style=\"caret-color: #000000; color: #000000; font-style: normal;\"><strong>5. Wie werden meine personenbezogenen Daten erhoben?<br><\/strong>Wir erhalten deine personenbezogenen Daten grunds\u00e4tzlich von dir selbst z.B. durch eine von dir gestellte Anfrage, eine Bestellung in unserem Online-Shop oder deine Registrierung f\u00fcr unsere Dienste und insbesondere deren Nutzung durch dich.<br><span style=\"background-color: #ffff03;\">Wir beziehen grunds\u00e4tzlich <u>keine<\/u> personenbezogenen Daten aus fremden Quellen und fordern dich auch <u>nicht<\/u> mittels unserer Dienste auf, Daten von anderen Personen uns gegen\u00fcber Preis zu geben.<\/span><\/p>\n<p style=\"caret-color: #000000; color: #000000;\"><span style=\"font-style: normal;\"><strong>6. Werden meine personenbezogenen Daten gegen\u00fcber anderen offengelegt?<br><\/strong>Eine Offenlegung gegen\u00fcber anderen Empf\u00e4ngern oder Weitergabe durch uns erfolgt ausschlie\u00dflich zur Erf\u00fcllung der unter 4. genannten Zwecke und f\u00fcr die unter 3. (j. &#8211; l.) genannten Arten von Daten [<\/span><i>II) Daten f\u00fcr rechtsverbindliche Vertr\u00e4ge mit uns<\/i>]. Empf\u00e4nger k\u00f6nnen z. B. sein: Lizenz-, Abrechnungs-, Versand-Dienstleister und Hersteller, die Produkte in unserem Auftrag produzieren und versenden.&nbsp;Die Offenlegung von personenbezogenen Daten der Arten 3 (a. &#8211; i.) [<i>I) Daten f\u00fcr die bzw. aus der Nutzung unserer Dienste<\/i>] wie z.B. die Offenlegung deines Benutzer:innen-Namens erfolgt, damit du von anderen Nutzer:innen&nbsp; gefunden wirst bzw. um die Funktion unserer Dienste sicherzustellen.&nbsp;<br><span style=\"font-style: normal; background-color: #ffff03;\">Wir handeln grunds\u00e4tzlich <u>nicht<\/u> mit Daten jedweder Art. Dies ist nicht Teil unseres Gesch\u00e4ftsmodells.<\/span><\/p>\n<p><strong style=\"color: #000000; font-style: normal; caret-color: #000000;\">7. Wie lange werden meine personenbezogenen Daten gespeichert?<br><\/strong><span style=\"color: #000000;\"><span style=\"caret-color: #000000;\">Wir speichern personenbezogene Daten, zu den unter 4. genannten Zwecken nur solange, wie dies zur Erf\u00fcllung dieser Zwecke erforderlich ist bzw. bis du diese l\u00f6scht.&nbsp;<\/span><\/span><span style=\"color: #000000; font-size: 17px; font-style: normal; font-weight: 400; caret-color: #000000;\">Eine Ausnahme davon sind Daten, f\u00fcr die gesetzliche Aufbewahrungsfristen oder anderweitig bindende Rechtfertigungsgr\u00fcnde zur Speicherung bestehen. F\u00fcr das L\u00f6schen von Daten auf unserer Plattform&nbsp;<\/span><span style=\"font-size: 17px; color: #000000;\"><span style=\"caret-color: #000000;\">stellen unsere Dienste dir Hilfsmittel zur Verf\u00fcgung, die leicht zu finden sind.&nbsp;<\/span><\/span><span style=\"font-size: 17px; font-style: normal; font-weight: 400; color: #000000; caret-color: #000000; background-color: #ffff03;\">Du kannst deine personenbezogenen Daten jederzeit selbst, ohne Angaben von Gr\u00fcnden l\u00f6schen, indem du dein Benutzer:innen-Konto bei uns l\u00f6scht.<\/span><span style=\"font-size: 17px; font-style: normal; color: #000000; caret-color: #000000;\">&nbsp;Daf\u00fcr sind ggf. Voraussetzungen gegen\u00fcber anderen Nutzer:innen der Plattform zu erf\u00fcllen, die unsere Nutzungsbedingungen regeln. Bei der Konto-L\u00f6schung werden identifizierende Daten, wie dein Benutzer:innen-Foto gel\u00f6scht und weitere wie dein Benutzer:innen-Name so anonymisiert, dass verbleibende Daten, die zur Wahrung der Konsistenz <\/span><span style=\"font-size: 17px; color: #000000;\"><span style=\"caret-color: #000000;\">der Datenhaltung der Plattform technisch notwendig sind, dir nicht mehr zugeordnet werden k\u00f6nnen. Dieser Vorgang ist nicht reversibel. Deine Daten gelten damit als gel\u00f6scht.&nbsp;<\/span><\/span><span style=\"font-size: 17px; font-style: normal; font-weight: 400; color: #000000; caret-color: #000000;\">&nbsp;<\/span><\/p>\n<p style=\"caret-color: #000000; color: #000000; font-style: normal;\"><strong>8. Wo werden meine personenbezogenen Daten gespeichert?<br><\/strong><span style=\"background-color: #ffff03;\">Wir verarbeiten deine Daten grunds\u00e4tzlich auf gesicherten Servern in der Bundesrepublik Deutschland.<\/span><\/p>\n<p style=\"caret-color: #000000; color: #000000; font-style: normal;\"><strong>9. Welche Rechte habe ich bez\u00fcglich der Verarbeitung meiner personenbezogenen Daten?<br><\/strong>Folgende Rechte hast du nach der Datenschutzgrundverordnung (DSGVO) hinsichtlich deiner von uns verarbeiteten personenbezogenen Daten:<br>a.) Recht auf Widerruf einer erteilten Einwilligung, ohne dass die Rechtm\u00e4\u00dfigkeit der bis dahin aufgrund der Einwilligung bis zum Widerruf erfolgten Verarbeitung ber\u00fchrt wird (Art. 7 Abs 3 DSGVO).<br>b.) Recht auf Auskunft \u00fcber Ihre gespeicherten personenbezogenen Daten (Art. 15 DSGVO).<br>c.) Recht auf Berichtigung, wenn die dich betreffenden gespeicherten Daten unrichtig oder unvollst\u00e4ndig sind (Art. 16 DSGVO).<br>d.) Recht auf L\u00f6schung, wenn der Zweck der Speicherung erf\u00fcllt und die Speicherung daher nicht mehr erforderlich ist, die Speicherung unrechtm\u00e4\u00dfig ist oder du eine erteilte Einwilligung zur Verarbeitung bestimmter personenbezogener Daten widerrufen hast (Art. 17 DSGVO).<br>e.) Recht auf Einschr\u00e4nkung der Verarbeitung, wenn eine der Voraussetzungen nach Art. 18 Abs. 1 lit. a) bis d) DSGVO gegeben ist (Art. 18 DSGVO).<br>f.) Recht auf Unterrichtung f\u00fcr den Fall, dass du dein Recht auf Berichtigung, L\u00f6schung oder Einschr\u00e4nkung der Verarbeitung gegen\u00fcber uns geltend gemacht hast (Art. 19 DSGVO).<br>g.) Recht auf \u00dcbertragung der von dir bereitgestellten personenbezogenen Daten, die dich betreffen (Art. 20 DSGVO).<br>h.) Widerspruchsrecht: Aus Gr\u00fcnden, die sich aus deiner besonderen Situation ergeben, kannst du jederzeit gegen die Verarbeitung der dich betreffenden personenbezogenen Daten, die aufgrund von Art. 6 Abs. 1 lit. e oder f DSGVO erfolgt, bei uns Widerspruch einlegen (Art. 21 DSGVO).<br>i.) Automatisierte Entscheidung im Einzelfall: Du hast das Recht, nicht einer ausschlie\u00dflich auf einer automatisierten Verarbeitung &#8211; einschlie\u00dflich Profiling &#8211; beruhenden Entscheidung unterworfen zu werden, die dir gegen\u00fcber rechtliche Wirkung entfaltet oder dich in \u00e4hnlicher Weise erheblich beeintr\u00e4chtigt (Art. 21 DSGVO).<br>j.) Recht auf Beschwerde bei einer Aufsichtsbeh\u00f6rde (Art. 77 DSGVO). Siehe dazu Punkt 10.<\/p>\n<p style=\"caret-color: #000000; color: #000000; font-style: normal;\"><strong>10. Bei wem kann ich mich beschweren?<br><\/strong>Wende dich an die \u201eLandesbeauftragte f\u00fcr Datenschutz und Informationsfreiheit Nordrhein-Westfalen\u201c: <a href=\"https:\/\/www.ldi.nrw.de\/system\/files\/media\/document\/file\/beschwerde-zum-datenschutz-2021_081.pdf\">beschwerde-zum-datenschutz-2021_081.pdf (nrw.de)<\/a><\/p>\n<p style=\"caret-color: #000000; color: #000000; font-style: normal;\"><strong>11. Wo finde ich die Datenschutzgrundverordnung?<br><\/strong><a href=\"https:\/\/eur-lex.europa.eu\/legal-content\/DE\/TXT\/?uri=CELEX%3A02016R0679-20160504&amp;qid=1664694165616\">EUR-Lex &#8211; 02016R0679-20160504 &#8211; DE &#8211; EUR-Lex (europa.eu)<\/a><\/p>\n<p style=\"caret-color: #000000; color: #000000; font-style: normal;\">\n<\/p>\t\t\t\t\t\t\t\t<\/div>\n\t\t\t\t<\/div>\n\t\t\t\t<div class=\"elementor-element elementor-element-fca6685 elementor-widget elementor-widget-heading\" data-id=\"fca6685\" data-element_type=\"widget\" data-e-type=\"widget\" data-widget_type=\"heading.default\">\n\t\t\t\t<div class=\"elementor-widget-container\">\n\t\t\t\t\t<h5 class=\"elementor-heading-title elementor-size-default\">Anhang<\/h5>\t\t\t\t<\/div>\n\t\t\t\t<\/div>\n\t\t\t\t<div class=\"elementor-element elementor-element-23fb841 elementor-widget elementor-widget-text-editor\" data-id=\"23fb841\" data-element_type=\"widget\" data-e-type=\"widget\" data-widget_type=\"text-editor.default\">\n\t\t\t\t<div class=\"elementor-widget-container\">\n\t\t\t\t\t\t\t\t\t<p><strong>A. Verwendete Quellen:<\/strong><br \/>1. Grunds\u00e4tzliches, insbesondere die offizielle Quelle der EU-Verordnung<br \/><a href=\"https:\/\/de.wikipedia.org\/wiki\/Datenschutz-Grundverordnung\">https:\/\/de.wikipedia.org\/wiki\/Datenschutz-Grundverordnung<\/a><\/p><p>2. Die offizielle Quelle der EU-Verordnung<br \/><a href=\"https:\/\/eur-lex.europa.eu\/homepage.html\">https:\/\/eur-lex.europa.eu\/homepage.html<\/a><br \/>CELEX-Nr. 02016R0679-20160504<\/p><p>2.a) Hier die EU-Grundverordnung in deutscher Sprache<br \/><a href=\"https:\/\/eur-lex.europa.eu\/legal-content\/DE\/TXT\/HTML\/?uri=CELEX:02016R0679-20160504\">https:\/\/eur-lex.europa.eu\/legal-content\/DE\/TXT\/HTML\/?uri=CELEX:02016R0679-20160504<\/a><\/p><p>3. Zentrale Anlaufstelle f\u00fcr den f\u00fcr den Datenschutz<br \/><a href=\"https:\/\/www.bfdi.bund.de\/ZASt\/DE\/Die%20ZAST\/aufgaben-node.html;jsessionid=FD576D07868FA3D23D3A8267424C900E.1_cid344\">h<\/a><a href=\"https:\/\/www.bfdi.bund.de\/DE\/Fachthemen\/ZASt\/ZASt-node.html\">BfDI &#8211; Zentrale Anlaufstelle (bund.de)<\/a><\/p><p>3.a) Hier die Anlaufstelle f\u00fcr NRW<br \/><a href=\"https:\/\/www.bfdi.bund.de\/SharedDocs\/Adressen\/DE\/LfD\/NordrheinWestfalen.html?nn=304054\">BfDI &#8211; Landesbeh\u00f6rden &#8211; Nordrhein-Westfalen (bund.de)<\/a><\/p>\t\t\t\t\t\t\t\t<\/div>\n\t\t\t\t<\/div>\n\t\t\t\t<div class=\"elementor-element elementor-element-8e2bb2d elementor-widget elementor-widget-text-editor\" data-id=\"8e2bb2d\" data-element_type=\"widget\" data-e-type=\"widget\" data-widget_type=\"text-editor.default\">\n\t\t\t\t<div class=\"elementor-widget-container\">\n\t\t\t\t\t\t\t\t\t<p>Datenschutzerkl\u00e4rung Kleine Tat |\u00a0 Stand 01.05.2023<br \/>Fr\u00fchere Versionen der Datenschutzerkl\u00e4rung findest du im <a href=\"https:\/\/www.kleinetat.com\/document-archive\/\">Archiv<\/a><\/p>\t\t\t\t\t\t\t\t<\/div>\n\t\t\t\t<\/div>\n\t\t\t\t\t<\/div>\n\t\t<\/div>\n\t\t\t\t\t<\/div>\n\t\t<\/section>\n\t\t\t\t<\/div>\n\t\t","protected":false},"excerpt":{"rendered":"<p>Datenschutzerkl\u00e4rung Unsere Grunds\u00e4tze zum Datenschutz Diese Prinzipien leiten uns bei der Verarbeitung deiner personenbezogenen Daten:\u00a01. Deine Daten geh\u00f6ren dir \u2013 nicht uns.\u00a02. Du hast die Kontrolle \u2013 nicht wir.\u00a03. Wir sind transparent \u2013 nicht du.\u00a04. Daten sind wertvoll \u2013 aber keine Ware.\u00a05. Datenmissbrauch ist illegal \u2013 nicht \u201eegal\u201c.\u00a0 Information zur Erhebung, Speicherung und Verarbeitung personenbezogener [&hellip;]<\/p>\n","protected":false},"author":3,"featured_media":0,"parent":0,"menu_order":0,"comment_status":"closed","ping_status":"closed","template":"","meta":{"inline_featured_image":false,"site-sidebar-layout":"no-sidebar","site-content-layout":"page-builder","ast-site-content-layout":"default","site-content-style":"default","site-sidebar-style":"default","ast-global-header-display":"","ast-banner-title-visibility":"","ast-main-header-display":"","ast-hfb-above-header-display":"","ast-hfb-below-header-display":"","ast-hfb-mobile-header-display":"","site-post-title":"disabled","ast-breadcrumbs-content":"","ast-featured-img":"disabled","footer-sml-layout":"","ast-disable-related-posts":"","theme-transparent-header-meta":"enabled","adv-header-id-meta":"","stick-header-meta":"","header-above-stick-meta":"","header-main-stick-meta":"","header-below-stick-meta":"","astra-migrate-meta-layouts":"default","ast-page-background-enabled":"default","ast-page-background-meta":{"desktop":{"background-color":"","background-image":"","background-repeat":"repeat","background-position":"center center","background-size":"auto","background-attachment":"scroll","background-type":"","background-media":"","overlay-type":"","overlay-color":"","overlay-opacity":"","overlay-gradient":""},"tablet":{"background-color":"","background-image":"","background-repeat":"repeat","background-position":"center center","background-size":"auto","background-attachment":"scroll","background-type":"","background-media":"","overlay-type":"","overlay-color":"","overlay-opacity":"","overlay-gradient":""},"mobile":{"background-color":"","background-image":"","background-repeat":"repeat","background-position":"center center","background-size":"auto","background-attachment":"scroll","background-type":"","background-media":"","overlay-type":"","overlay-color":"","overlay-opacity":"","overlay-gradient":""}},"ast-content-background-meta":{"desktop":{"background-color":"var(--ast-global-color-5)","background-image":"","background-repeat":"repeat","background-position":"center center","background-size":"auto","background-attachment":"scroll","background-type":"","background-media":"","overlay-type":"","overlay-color":"","overlay-opacity":"","overlay-gradient":""},"tablet":{"background-color":"var(--ast-global-color-5)","background-image":"","background-repeat":"repeat","background-position":"center center","background-size":"auto","background-attachment":"scroll","background-type":"","background-media":"","overlay-type":"","overlay-color":"","overlay-opacity":"","overlay-gradient":""},"mobile":{"background-color":"var(--ast-global-color-5)","background-image":"","background-repeat":"repeat","background-position":"center center","background-size":"auto","background-attachment":"scroll","background-type":"","background-media":"","overlay-type":"","overlay-color":"","overlay-opacity":"","overlay-gradient":""}},"footnotes":""},"class_list":["post-554","page","type-page","status-publish","hentry"],"_links":{"self":[{"href":"https:\/\/www.kleinetat.com\/en\/wp-json\/wp\/v2\/pages\/554","targetHints":{"allow":["GET"]}}],"collection":[{"href":"https:\/\/www.kleinetat.com\/en\/wp-json\/wp\/v2\/pages"}],"about":[{"href":"https:\/\/www.kleinetat.com\/en\/wp-json\/wp\/v2\/types\/page"}],"author":[{"embeddable":true,"href":"https:\/\/www.kleinetat.com\/en\/wp-json\/wp\/v2\/users\/3"}],"replies":[{"embeddable":true,"href":"https:\/\/www.kleinetat.com\/en\/wp-json\/wp\/v2\/comments?post=554"}],"version-history":[{"count":97,"href":"https:\/\/www.kleinetat.com\/en\/wp-json\/wp\/v2\/pages\/554\/revisions"}],"predecessor-version":[{"id":3355,"href":"https:\/\/www.kleinetat.com\/en\/wp-json\/wp\/v2\/pages\/554\/revisions\/3355"}],"wp:attachment":[{"href":"https:\/\/www.kleinetat.com\/en\/wp-json\/wp\/v2\/media?parent=554"}],"curies":[{"name":"wp","href":"https:\/\/api.w.org\/{rel}","templated":true}]}}